{"id":3664,"date":"2021-02-03T12:07:50","date_gmt":"2021-02-03T11:07:50","guid":{"rendered":"https:\/\/headconsult-tofani.net\/informativa\/"},"modified":"2021-06-30T11:23:25","modified_gmt":"2021-06-30T09:23:25","slug":"policy","status":"publish","type":"page","link":"https:\/\/headconsult-tofani.net\/en\/policy\/","title":{"rendered":"PRIVACY POLICY"},"content":{"rendered":"<h2>&#8211; PRIVACY POLICY &#8211;<\/h2>\n<p style=\"text-align: left;\"><strong>in ottemperanza degli obblighi derivanti dalla normativa nazionale (D. Lgs 30 giugno 2003 n. 196, Codice in materia di protezione dei dati personali) e comunitaria, (Regolamento europeo per la protezione dei dati personali n. 679\/2016, GDPR) e successive modifiche.<\/strong><\/p>\n<p>Il presente sito Web rispetta e tutela la riservatezza degli utenti, la presente privacy policy si applica esclusivamente alle attivit\u00e0 online del sito.<br \/>\nLo scopo della privacy policy \u00e8 di fornire la massima trasparenza relativamente alle informazioni che il sito Web raccoglie e come le usa.<\/p>\n<p><strong>FINALIT\u00c0 DELLA RACCOLTA E DEL TRATTAMENTO DEI DATI<\/strong><br \/>\nNavigando nel sito Web vengono raccolti in modo automatico i dati necessari alla navigazione, alla fruizione, alla sicurezza dei servizi offerti; nonch\u00e9 alcuni dati a fini statistici. Tali dati non sono personalmente identificabili ed il conferimento \u00e8 reso necessario per perseguire le finalit\u00e0 summenzionate, i dati non saranno n\u00e9 comunicati, n\u00e9 diffusi, n\u00e9 venduti a terzi in nessuna circostanza.<\/p>\n<p>I moduli di contatto\/richiesta presenti nel sito Web hanno come finalit\u00e0 quella di poter ricontattare l\u2019utente tramite i riferimenti volontariamente lasciati ai fini di evadere eventuali richieste contenute nel messaggio.<\/p>\n<p><strong>MODALIT\u00c0 DEL TRATTAMENTO E MISURE DI SICUREZZA<\/strong><br \/>\nIl trattamento dei dati viene effettuato mediante strumenti informatici e\/o telematici, con modalit\u00e0 organizzative e con logiche strettamente correlate alle finalit\u00e0 indicate.<br \/>\nOltre al Titolare del Trattamento, in alcuni casi, potrebbero avere accesso ai dati categorie di incaricati coinvolti nell&#8217;organizzazione del sito Web ovvero soggetti esterni (come fornitori di servizi tecnici terzi, hosting provider).<\/p>\n<p>La informiamo inoltre che, cos\u00ec come previsto dall&#8217;art. 5 del GDPR 679\/2016, i dati personali a Lei riferibili saranno trattati in modo lecito, corretto e trasparente; raccolti per finalit\u00e0 determinate esplicite e legittime e successivamente trattati in modo coerente con tali finalit\u00e0; adeguati, pertinenti e limitati a quanto necessario nel rispetto delle finalit\u00e0 per cui sono trattati.<\/p>\n<p>I\u00a0dati degli utenti verranno trattati adottando le opportune misure di sicurezza volte ad impedire accessi non autorizzati, divulgazione, modifica o distruzione non autorizzata dei dati.<\/p>\n<p>Durante l&#8217;invio, i dati saranno protetti utilizzando il protocollo HTTPS ed il software Secure Sockets Layer (SSL), che cripta le informazioni in transito.<\/p>\n<p><strong>DATI RACCOLTI<\/strong><br \/>\nDurante la navigazione degli utenti possono essere raccolte in modo automatico le seguenti informazioni:<\/p>\n<p style=\"padding-left: 30px; text-align: left;\">&#8211; indirizzo Internet (IP);<br \/>\n&#8211; tipologia e versione del browser;<br \/>\n&#8211; parametri del dispositivo usato (tablet, smartphone, laptop, desktop) per connettersi al sito;<br \/>\n&#8211; nome dell&#8217;internet service provider (ISP);<br \/>\n&#8211; data e orario di visita;<br \/>\n&#8211; pagina web di provenienza del utente (referral) e di uscita;<br \/>\n&#8211; il numero di click;<\/p>\n<p>Questi dati sono utilizzati a fini di statistica e di analisi (vedi FINALIT\u00c0 DEL TRATTAMENTO) in forma esclusivamente anonima, l\u2019indirizzo IP \u00e8 utilizzato esclusivamente a fini di sicurezza e non \u00e8 incrociato con nessun altro dato.<\/p>\n<p>Come gi\u00e0 descritto precedentemente (vedi FINALIT\u00c0 DEL TRATTAMENTO) questo sito Web raccoglie anche dati lasciati volontariamente dagli utenti per poter usufruire di determinati servizi (moduli di contatto\/richiesta &#8211; iscrizione alla newsletter \u2013 commenti) tali dati verranno utilizzati esclusivamente per l&#8217;erogazione del servizio richiesto.<\/p>\n<p><strong>LUOGO DEL TRATTAMENTO<\/strong><br \/>\nTutti i trattamenti effettuati avvengono nello spazio dell&#8217;Unione Europea, i dati raccolti dal sito Web sono trattati infatti presso la sede del Titolare del Trattamento, e presso i datacenter del Web Hosting Responsabile del Trattamento (vedi SOGGETTI DEL TRATTAMENTO)<\/p>\n<p><strong>PERIODO DI CONSERVAZIONE DEI DATI<\/strong><br \/>\nI dati raccolti dal sito Web durante il suo funzionamento sono conservati per il tempo strettamente necessario a svolgere le attivit\u00e0 precisate. Alla scadenza i dati saranno cancellati o anonimizzati, a meno che non sussistano ulteriori finalit\u00e0 per la conservazione degli stessi.<\/p>\n<p><strong>TRASFERIMENTO DEI DATI<\/strong><br \/>\nI dati rilevati dal sito Web generalmente non vengono forniti a terzi, tranne che in casi specifici: legittima richiesta da parte dell&#8217;autorit\u00e0 giudiziaria e nei soli casi previsti dalla legge; qualora sia necessario per la fornitura di uno specifico servizio richiesto dall&#8217;utente;\u00a0 per l&#8217;esecuzione di controlli di sicurezza o di ottimizzazione del sito.<\/p>\n<p>A tali fini il presente sito Web potrebbe condividere alcuni dei dati raccolti con servizi e server provider localizzati al di fuori dello spazio dell&#8217;Unione Europea in particolare negli Stati Uniti, in particolare i seguenti plugin e software:<\/p>\n<p style=\"text-align: left; padding-left: 30px;\">&#8211; WordFence ( <a href=\"https:\/\/www.wordfence.com\/privacy-policy\/\" target=\"_blank\" rel=\"nofollow noopener noreferrer\">privacy del servizio<\/a> )<br \/>\n&#8211; BackBlaze ( <a href=\"https:\/\/www.backblaze.com\/company\/privacy.html\" target=\"_blank\" rel=\"noopener noreferrer\">privacy del servizio<\/a> )<br \/>\n&#8211; Google Analytics (\u00a0<a href=\"https:\/\/policies.google.com\/technologies\/partner-sites?hl=it\" target=\"_blank\" rel=\"nofollow noopener noreferrer\">modalit\u00e0 di utilizzo dei dati da parte di Google<\/a>\u00a0)<\/p>\n<p>Il trasferimento di tali dati \u00e8 autorizzato in base a specifiche decisioni dell&#8217;Unione Europea e del Garante per la tutela dei dati personali, in particolare la decisione 1250\/2016 ( <a href=\"http:\/\/eur-lex.europa.eu\/legal-content\/IT\/TXT\/?uri=CELEX%3A32016D1250\" target=\"_blank\" rel=\"nofollow noopener noreferrer\">Privacy Shield<\/a> ) per cui non occorre ulteriore consenso ( <a href=\"http:\/\/www.garanteprivacy.it\/web\/guest\/home\/docweb\/-\/docweb-display\/docweb\/5306161\" target=\"_blank\" rel=\"nofollow noopener noreferrer\">Garante Italiano<\/a> )<\/p>\n<p><strong>DIRITTI DELL&#8217;INTERESSATO<\/strong><br \/>\nAgli interessati sono riconosciuti i diritti di cui agli articoli 15, 16, 17, 18, 20 21 del predetto Regolamento UE e in particolare il diritto di accedere ai propri dati personali, di chiederne la rettifica, l\u2019aggiornamento, la cancellazione, la limitazione al trattamento, se incompleti, erronei o raccolti in violazione della legge, nonch\u00e9 il diritto alla portabilit\u00e0 e di opporsi al loro trattamento per motivi legittimi nonch\u00e9 il diritto di presentare un reclamo all&#8217;Autorit\u00e0 di controllo ( <a href=\"https:\/\/www.garanteprivacy.it\/\" target=\"_blank\" rel=\"nofollow noopener noreferrer\">Garante Privacy<\/a> ).<\/p>\n<p>Le richieste in tal senso vanno rivolte al Titolare del Trattamento. (vedi SOGGETTI DEL TRATTAMENTO)<\/p>\n<p><strong>SOGGETTI DEL TRATTAMENTO<\/strong><strong><br \/>\n<\/strong>Ai sensi delle leggi vigenti <strong>Titolare del Trattamento\u00a0<\/strong>\u00e8 Studio Professionale di Consulenza\u00a0<strong>Dott. G.B. Pasta \u2013 Dott. R.L. Tofani <\/strong>contattabile per eventuali richieste inviando una email a <a href=\"mailto:info@headconsult-tofani.com\" target=\"_blank\" rel=\"noopener\">info@headconsult-tofani.com<\/a><\/p>\n<p>Elaborando dati per conto del Titolare sono definiti <strong>Responsabili del Trattamento<\/strong> a tutti gli effetti i seguenti:<\/p>\n<p style=\"text-align: left;\">&#8211; il web hosting HOST S.p.A. con sede in Corso Svizzera 185 \u2013 10149, Torino, Italia ( <a href=\"https:\/\/www.host.it\/privacy.jsp\" target=\"_blank\" rel=\"nofollow noopener noreferrer\">privacy del servizio<\/a> ) contattabile per eventuali richieste inviando una email a\u00a0<a href=\"mailto:privacy@host.it\">privacy@host.it<\/a><br \/>\n&#8211; Google Inc. in quanto questo sito Web utilizza il servizio di statistica Google Analytics ( <a href=\"https:\/\/policies.google.com\/technologies\/partner-sites?hl=it\" target=\"_blank\" rel=\"nofollow noopener noreferrer\">utilizzo dei dati da parte di Google<\/a> )<\/p>\n<h2 id=\"cookie\" class=\"compensatitoli\">&#8211; COOKIES POLICY-<\/h2>\n<p style=\"text-align: left;\"><strong>ai sensi dell&#8217;informativa rilasciata sulla Gazzetta Ufficiale n. 126 del 3 giugno 2014 \u2013 Registro dei provvedimenti n. 229 dell\u20198 maggio 2014.<\/strong><\/p>\n<p>I cookies sono piccoli file di testo che vengono automaticamente posizionati sul PC del navigatore all&#8217;interno del browser. Essi contengono informazioni di base sulla navigazione in Internet e grazie al browser vengono riconosciuti ogni volta che l\u2019utente visita il sito. Il sito Web utilizza le informazioni fornite per generare il contenuto dinamico che meglio si adatta alla navigazione, in conformit\u00e0 con le aspettative degli utenti.<\/p>\n<p><strong>COOKIES TECNICI<\/strong><br \/>\nSono utilizzati al solo fine di effettuare la trasmissione di una comunicazione elettronica, per garantire la corretta visualizzazione del sito Web e la navigazione all&#8217;interno di esso. Inoltre, consentono di distinguere tra i vari utenti collegati al fine di fornire un servizio richiesto all&#8217;utente giusto e di gestire la sicurezza del sito.<br \/>\nAlcuni di questi cookies sono eliminati alla chiusura del browser (cookies di sessione) altri hanno una durata maggiore (come ad esempio il cookies necessario per il consenso dell&#8217;utente in relazione all&#8217;uso dei cookie, che dura 1 mese ). Per questa tipologia di cookies non occorre consenso.<\/p>\n<p><strong>COOKIES DI TERZE PARTI<\/strong><br \/>\nQuesto sito Web funge inoltre da intermediario per cookies di terze parti utilizzati per poter fornire ulteriori servizi e funzionalit\u00e0 agli utenti e per semplificare l&#8217;uso del sito Web stesso.\u00a0 Questo sito Web non ha alcun controllo sui loro cookies interamente gestiti dalle terze parti e non ha accesso alle informazioni raccolte tramite detti cookies.<\/p>\n<p>Le informazioni sull&#8217;uso dei detti cookies e sulle finalit\u00e0 degli stessi, nonch\u00e9 sulle modalit\u00e0 per l&#8217;eventuale disabilitazione, sono fornite direttamente dalle terze parti alle pagine indicate di seguito.<\/p>\n<p><strong>Statistica &amp; Google Analytics: <\/strong>sono cookies usati per analizzare l&#8217;uso del sito Web da parte degli utenti, ottenere report sulle attivit\u00e0 del sito Web ed il comportamento degli utenti, verificare quanto spesso gli utenti visitano il sito, come il sito Web viene trovato e quali pagine sono visitate pi\u00f9 frequentemente.<br \/>\nI dati raccolti non consentono l&#8217;identificazione personale degli utenti e non sono incrociati con altre informazioni relative alla stessa persona.<br \/>\nUlteriori informazioni sui cookies di Google Analytics si trovano alla pagina Google Analytics ( <a href=\"https:\/\/policies.google.com\/privacy\" target=\"_blank\" rel=\"nofollow noopener noreferrer\">privacy del servizio<\/a>\u00a0).<\/p>\n<p><strong>Widget &amp; Social:<\/strong> sono cookies usati al fine di consentire una facile condivisione ed iterazione con altri siti.<br \/>\nQuesto sito Web usa i cookies ed il servizio di condivisione offerto da\u00a0addtoany.com ( <a href=\"https:\/\/www.addtoany.com\/privacy\/\" target=\"_blank\" rel=\"nofollow noopener noreferrer\">privacy del servizio<\/a> ) la raccolta e l\u2019uso delle informazioni da parte di tali terzi sono regolati dalle rispettive informative privacy alle quali si prega di fare riferimento:<\/p>\n<p style=\"text-align: left; padding-left: 30px;\">&#8211; Facebook ( <a href=\"https:\/\/www.facebook.com\/policies\/cookies\/\" target=\"_blank\" rel=\"nofollow noopener noreferrer\">privacy del servizio<\/a> )<br \/>\n&#8211; Twitter ( <a href=\"https:\/\/help.twitter.com\/en\/rules-and-policies\/twitter-cookies\" target=\"_blank\" rel=\"nofollow noopener noreferrer\">privacy del servizio<\/a> )<br \/>\n&#8211; LinkedIn ( <a href=\"https:\/\/www.linkedin.com\/legal\/cookie-policy\" target=\"_blank\" rel=\"nofollow noopener noreferrer\">privacy del servizio<\/a> )<br \/>\n&#8211; Google+ ( <a href=\"https:\/\/policies.google.com\/technologies\/cookies\" target=\"_blank\" rel=\"nofollow noopener noreferrer\">privacy del servizio<\/a> ).<\/p>\n<p><strong>DISABILITAZIONE DEI COOKIES<\/strong><br \/>\nL&#8217;utente pu\u00f2 rifiutare l&#8217;utilizzo dei cookies e poich\u00e9 i cookies sono collegati al browser utilizzato, possono essere disabilitati direttamente dal browser cos\u00ec rifiutando\/revocando il consenso all&#8217;uso dei cookies ma si ricorda che:\u00a0LA DISABILITAZIONE DEI COOKIES POTREBBE IMPEDIRE IL CORRETTO UTILIZZO DI ALCUNE FUNZIONI DEL SITO WEB STESSO<\/p>\n<p>Le istruzioni per la disabilitazione dei cookie, e per l&#8217;eventuale eliminazione di cookies gi\u00e0 presenti sul dispositivo browser si trovano alle seguenti pagine web:\u00a0<a href=\"https:\/\/support.mozilla.org\/it\/kb\/Attivare%20e%20disattivare%20i%20cookie\" target=\"_blank\" rel=\"nofollow noopener noreferrer\">Mozilla Firefox<\/a>\u00a0&#8211;\u00a0<a href=\"https:\/\/support.microsoft.com\/it-it\/help\/17442\/windows-internet-explorer-delete-manage-cookies\" target=\"_blank\" rel=\"nofollow noopener noreferrer\">Microsoft Internet Explorer<\/a>\u00a0&#8211;\u00a0\u00a0<a href=\"https:\/\/support.microsoft.com\/it-it\/help\/4027947\/windows-delete-cookies\" target=\"_blank\" rel=\"nofollow noopener noreferrer\">Microsoft Edge<\/a>\u00a0&#8211;\u00a0<a href=\"https:\/\/support.google.com\/chrome\/answer\/95647?hl=it\" target=\"_blank\" rel=\"nofollow noopener noreferrer\">Google Chrome<\/a> &#8211; <a href=\"http:\/\/help.opera.com\/Windows\/10.00\/it\/cookies.html\" target=\"_blank\" rel=\"nofollow noopener noreferrer\">Opera<\/a>\u00a0&#8211;\u00a0<a href=\"https:\/\/support.apple.com\/it-it\/HT201265\" target=\"_blank\" rel=\"nofollow noopener noreferrer\">Apple Safari<\/a><\/p>\n<h2 class=\"compensatitoli\">&#8211; COPYRIGHT &#8211;<\/h2>\n<p style=\"text-align: left;\"><strong>Tutti i contenuti (testi, grafica, fotografia) che compaiono in questo sito Web sono di esclusiva propriet\u00e0 dello Studio Professionale di Consulenza\u00a0Dott. G.B. Pasta \u2013 Dott. R.L. Tofani\u00a0 <\/strong><strong>salvo dove diversamente indicato e riconosciuto.<\/strong><\/p>\n<p>Tutti i contenuti di terze parti (banner, loghi, immagini) sono di propriet\u00e0 giuridica del legittimo proprietario. Questo tipo di contenuti non saranno considerati violazione del copyright in qualsiasi circostanza. I contenuti considerati in conflitto con i desideri del detentore del copyright saranno rimossi immediatamente su richiesta a\u00a0 <a href=\"mailto:info@headconsult-tofani.com\" target=\"_blank\" rel=\"noopener\">info@headconsult-tofani.com<\/a><\/p>\n<p style=\"text-align: left;\"><strong>il presente sito Web \u00e8 regolato dai seguenti Termini di Servizio, se NON si accettano si prega di NON utilizzare il sito Web.<\/strong><\/p>\n<p><strong>Responsabilit\u00e0<\/strong><strong><br \/>\n<\/strong>In nessun caso www.headconsult-tofani.net\u00a0 pu\u00f2 essere ritenuto responsabile per danni diretti, indiretti, incidentali, speciali, consequenziali o danni di qualsiasi natura, compresi, ad esempio, danni per perdita di profitti, reddito, o simili, derivanti dall&#8217;uso o incapacit\u00e0 di utilizzare dei materiali disponibili su questo sito Web o qualsiasi sito Web collegato. Inclusi, senza limitazioni, danni per perdita di dati, arresto del lavoro, precisione dei risultati, o malfunzionamento del computer.<\/p>\n<p>ESPRESSAMENTE www.headconsult-tofani.net declina ogni responsabilit\u00e0 per eventuali danni di qualsiasi tipo causati, derivanti da, o comunque collegati a:<\/p>\n<p style=\"text-align: left; padding-left: 30px;\">&#8211; errori o omissioni contenuti, compresi inesattezze ed errori;<br \/>\n&#8211; contenuti di siti di terzi parti direttamente o indirettamente collegati tramite link;<br \/>\n&#8211; indisponibilit\u00e0 del sito Web o di un suo componente;<br \/>\n&#8211; uso di questo sito Web da parte di terzi per scopi illegali;<br \/>\n&#8211; uso di qualsiasi informazione sul sito Web;<\/p>\n<p><strong>Risarcimento<\/strong><br \/>\nL\u2019utente accetta di dichiarare www.headconsult-tofani.net esente da ogni possibile richiesta di risarcimenti derivanti dall&#8217;uso del sito Web.<\/p>\n<p><strong>Precisione e completezza delle informazioni<\/strong><br \/>\nwww.headconsult-tofani.net si impegna a garantire che le informazioni contenute in questo sito Web siano accurate e affidabili, per quanto possibile, tuttavia non fornisce alcuna garanzia in merito alla correttezza e l\u2019affidabilit\u00e0 o meno di tali informazioni, e non si assume alcuna responsabilit\u00e0 per eventuali danni causati da errori od omissioni di contenuti.<\/p>\n<p><strong>Modifiche<\/strong><strong><br \/>\n<\/strong>www.headconsult-tofani.net rivede periodicamente le informazioni, i servizi, e le risorse presenti su questo sito Web e si riserva il diritto di apportare modifiche senza alcun obbligo di informare gli utenti. Pu\u00f2, a sua esclusiva discrezione, modificare i contenuti di questo sito Web in qualsiasi momento, compresi testi fotografie, grafica, e link ad altri siti Web.<\/p>\n<p><strong>Divieto di utilizzo<\/strong><strong><br \/>\n<\/strong>L\u2019utente accetta di utilizzare www.headconsult-tofani.net e le informazioni in esso contenute in conformit\u00e0 alla legge, qualsiasi utilizzo o azione illegale \u00e8 espressamente vietata da questi termini di servizio.<\/p>\n<p><strong>Collegamenti a terze parti<\/strong><strong><br \/>\n<\/strong>www.headconsult-tofani.net pu\u00f2 contenere link ad altri siti di propriet\u00e0 e gestiti da terzi e non mantenuti o gestiti dal presente sito Web che non \u00e8 pertanto responsabile per il loro contenuto e non fornisce alcuna garanzia in merito al contenuto o l\u2019accuratezza del materiale su tali siti. La visualizzazione di tali siti di terzi \u00e8 interamente a proprio rischio.<\/p>\n<p><strong>Giurisdizione e competenza<\/strong><strong><br \/>\n<\/strong>Le controversie civili sono sottoposte ai presenti Termini di Servizio, ed alla Legge Italiana.<br \/>\nUtilizzando questo sito Web l\u2019utente accetta il vincolo alla giurisdizione del tribunale di Torino, Italia, per qualsiasi azione derivante.<\/p>\n<p style=\"text-align: center;\"><strong>Accedendo a questo sito INDICATE CHIARAMENTE L&#8217;ACCETTAZIONE della presente Informativa<\/strong><\/p>\n<p style=\"text-align: center;\"><em>La presente informativa \u00e8 aggiornata alla data del 15 luglio 2021.<\/em><\/p>\n","protected":false},"excerpt":{"rendered":"<p>&#8211; PRIVACY POLICY &#8211; in ottemperanza degli obblighi derivanti dalla normativa nazionale (D. Lgs 30 giugno 2003 n. 196, Codice in materia di protezione dei dati personali) e comunitaria, (Regolamento europeo per la protezione dei dati personali n. 679\/2016, GDPR) e successive modifiche. Il presente sito Web rispetta e tutela la riservatezza degli utenti, la [&hellip;]<\/p>\n","protected":false},"author":1,"featured_media":0,"parent":0,"menu_order":0,"comment_status":"closed","ping_status":"closed","template":"","meta":{"footnotes":""},"_links":{"self":[{"href":"https:\/\/headconsult-tofani.net\/en\/wp-json\/wp\/v2\/pages\/3664"}],"collection":[{"href":"https:\/\/headconsult-tofani.net\/en\/wp-json\/wp\/v2\/pages"}],"about":[{"href":"https:\/\/headconsult-tofani.net\/en\/wp-json\/wp\/v2\/types\/page"}],"author":[{"embeddable":true,"href":"https:\/\/headconsult-tofani.net\/en\/wp-json\/wp\/v2\/users\/1"}],"replies":[{"embeddable":true,"href":"https:\/\/headconsult-tofani.net\/en\/wp-json\/wp\/v2\/comments?post=3664"}],"version-history":[{"count":0,"href":"https:\/\/headconsult-tofani.net\/en\/wp-json\/wp\/v2\/pages\/3664\/revisions"}],"wp:attachment":[{"href":"https:\/\/headconsult-tofani.net\/en\/wp-json\/wp\/v2\/media?parent=3664"}],"curies":[{"name":"wp","href":"https:\/\/api.w.org\/{rel}","templated":true}]}}